{"id":253,"date":"2020-12-16T16:02:30","date_gmt":"2020-12-16T16:02:30","guid":{"rendered":"https:\/\/staging.ribeirocampos.pt\/?page_id=253"},"modified":"2022-11-18T09:50:50","modified_gmt":"2022-11-18T09:50:50","slug":"featured-products","status":"publish","type":"page","link":"https:\/\/ribeirocampos.pt\/?page_id=253","title":{"rendered":"Produtos"},"content":{"rendered":"\t\t<div data-elementor-type=\"wp-page\" data-elementor-id=\"253\" class=\"elementor elementor-253\" data-elementor-settings=\"[]\">\n\t\t\t\t\t\t<div class=\"elementor-inner\">\n\t\t\t\t\t\t\t<div class=\"elementor-section-wrap\">\n\t\t\t\t\t\t\t<section class=\"elementor-section elementor-top-section elementor-element elementor-element-c438b7b elementor-section-boxed elementor-section-height-default elementor-section-height-default\" data-id=\"c438b7b\" data-element_type=\"section\" data-settings=\"{&quot;background_background&quot;:&quot;classic&quot;}\">\n\t\t\t\t\t\t<div class=\"elementor-container elementor-column-gap-default\">\n\t\t\t\t\t\t\t<div class=\"elementor-row\">\n\t\t\t\t\t<div class=\"elementor-column elementor-col-100 elementor-top-column elementor-element elementor-element-995ac22\" data-id=\"995ac22\" data-element_type=\"column\">\n\t\t\t<div class=\"elementor-column-wrap elementor-element-populated\">\n\t\t\t\t\t\t\t<div class=\"elementor-widget-wrap\">\n\t\t\t\t\t\t<section class=\"elementor-section elementor-inner-section elementor-element elementor-element-bf4a90f elementor-section-boxed elementor-section-height-default elementor-section-height-default\" data-id=\"bf4a90f\" data-element_type=\"section\">\n\t\t\t\t\t\t<div class=\"elementor-container elementor-column-gap-default\">\n\t\t\t\t\t\t\t<div class=\"elementor-row\">\n\t\t\t\t\t<div class=\"elementor-column elementor-col-100 elementor-inner-column elementor-element elementor-element-91e623a\" data-id=\"91e623a\" data-element_type=\"column\">\n\t\t\t<div class=\"elementor-column-wrap elementor-element-populated\">\n\t\t\t\t\t\t\t<div class=\"elementor-widget-wrap\">\n\t\t\t\t\t\t<div class=\"elementor-element elementor-element-56520bd elementor-widget elementor-widget-heading\" data-id=\"56520bd\" data-element_type=\"widget\" data-widget_type=\"heading.default\">\n\t\t\t\t<div class=\"elementor-widget-container\">\n\t\t\t<h2 class=\"elementor-heading-title elementor-size-default\">Produtos<\/h2>\t\t<\/div>\n\t\t\t\t<\/div>\n\t\t\t\t<div class=\"elementor-element elementor-element-eeabebd elementor-widget elementor-widget-text-editor\" data-id=\"eeabebd\" data-element_type=\"widget\" data-widget_type=\"text-editor.default\">\n\t\t\t\t<div class=\"elementor-widget-container\">\n\t\t\t\t\t<div class=\"elementor-text-editor elementor-clearfix\"><p>Fazer pe\u00e7as \u00fanicas e com a maior qualidade \u00e9 a nossa maior paix\u00e3o.\u00a0 Usamos uma diversidade de materiais e composi\u00e7\u00f5es mediante as especificidades dos nossos clientes e somos flex\u00edveis e\u00a0 inovadores no tipo de pe\u00e7as que fazemos.<\/p><p>Dispomos de uma variada gama de artigos que v\u00e3o desde a mais simples T-shirt ao Vestido de alta costura. Por isso, \u00a0adoramos a criatividade dos nossos clientes.<\/p><\/div>\n\t\t\t\t<\/div>\n\t\t\t\t<\/div>\n\t\t\t\t<div class=\"elementor-element elementor-element-999b928 elementor-widget-divider--view-line elementor-widget elementor-widget-divider\" data-id=\"999b928\" data-element_type=\"widget\" data-widget_type=\"divider.default\">\n\t\t\t\t<div class=\"elementor-widget-container\">\n\t\t\t\t\t<div class=\"elementor-divider\">\n\t\t\t<span class=\"elementor-divider-separator\">\n\t\t\t\t\t\t<\/span>\n\t\t<\/div>\n\t\t\t\t<\/div>\n\t\t\t\t<\/div>\n\t\t\t\t\t\t<\/div>\n\t\t\t\t\t<\/div>\n\t\t<\/div>\n\t\t\t\t\t\t\t\t<\/div>\n\t\t\t\t\t<\/div>\n\t\t<\/section>\n\t\t\t\t<section class=\"elementor-section elementor-inner-section elementor-element elementor-element-69dca32 elementor-section-boxed elementor-section-height-default elementor-section-height-default\" data-id=\"69dca32\" data-element_type=\"section\">\n\t\t\t\t\t\t<div class=\"elementor-container elementor-column-gap-default\">\n\t\t\t\t\t\t\t<div class=\"elementor-row\">\n\t\t\t\t\t<div class=\"elementor-column elementor-col-33 elementor-inner-column elementor-element elementor-element-46b7122\" data-id=\"46b7122\" data-element_type=\"column\">\n\t\t\t<div class=\"elementor-column-wrap elementor-element-populated\">\n\t\t\t\t\t\t\t<div class=\"elementor-widget-wrap\">\n\t\t\t\t\t\t<div class=\"elementor-element elementor-element-ab7b0b6 elementor-widget elementor-widget-heading\" data-id=\"ab7b0b6\" data-element_type=\"widget\" data-widget_type=\"heading.default\">\n\t\t\t\t<div class=\"elementor-widget-container\">\n\t\t\t<h2 class=\"elementor-heading-title elementor-size-default\">Senhora<\/h2>\t\t<\/div>\n\t\t\t\t<\/div>\n\t\t\t\t<div class=\"elementor-element elementor-element-9035d34 elementor-widget elementor-widget-image\" data-id=\"9035d34\" data-element_type=\"widget\" data-widget_type=\"image.default\">\n\t\t\t\t<div class=\"elementor-widget-container\">\n\t\t\t\t\t<div class=\"elementor-image\">\n\t\t\t\t\t\t\t\t\t\t\t<a href=\"https:\/\/ribeirocampos.pt\/?page_id=532\">\n\t\t\t\t\t\t\t<img width=\"683\" height=\"1024\" src=\"https:\/\/ribeirocampos.pt\/wp-content\/uploads\/2022\/11\/IMG_1797-683x1024.jpg\" class=\"attachment-large size-large\" alt=\"\" loading=\"lazy\" srcset=\"https:\/\/ribeirocampos.pt\/wp-content\/uploads\/2022\/11\/IMG_1797-683x1024.jpg 683w, https:\/\/ribeirocampos.pt\/wp-content\/uploads\/2022\/11\/IMG_1797-200x300.jpg 200w, https:\/\/ribeirocampos.pt\/wp-content\/uploads\/2022\/11\/IMG_1797-768x1152.jpg 768w, https:\/\/ribeirocampos.pt\/wp-content\/uploads\/2022\/11\/IMG_1797-600x900.jpg 600w, https:\/\/ribeirocampos.pt\/wp-content\/uploads\/2022\/11\/IMG_1797.jpg 1024w\" sizes=\"(max-width: 683px) 100vw, 683px\" \/>\t\t\t\t\t\t\t\t<\/a>\n\t\t\t\t\t\t\t\t\t\t\t<\/div>\n\t\t\t\t<\/div>\n\t\t\t\t<\/div>\n\t\t\t\t\t\t<\/div>\n\t\t\t\t\t<\/div>\n\t\t<\/div>\n\t\t\t\t<div class=\"elementor-column elementor-col-33 elementor-inner-column elementor-element elementor-element-2c55c1c\" data-id=\"2c55c1c\" data-element_type=\"column\">\n\t\t\t<div class=\"elementor-column-wrap elementor-element-populated\">\n\t\t\t\t\t\t\t<div class=\"elementor-widget-wrap\">\n\t\t\t\t\t\t<div class=\"elementor-element elementor-element-7a07a62 elementor-widget elementor-widget-heading\" data-id=\"7a07a62\" data-element_type=\"widget\" data-widget_type=\"heading.default\">\n\t\t\t\t<div class=\"elementor-widget-container\">\n\t\t\t<h2 class=\"elementor-heading-title elementor-size-default\">Homem<\/h2>\t\t<\/div>\n\t\t\t\t<\/div>\n\t\t\t\t<div class=\"elementor-element elementor-element-34381c9 elementor-widget elementor-widget-image\" data-id=\"34381c9\" data-element_type=\"widget\" data-widget_type=\"image.default\">\n\t\t\t\t<div class=\"elementor-widget-container\">\n\t\t\t\t\t<div class=\"elementor-image\">\n\t\t\t\t\t\t\t\t\t\t\t<a href=\"https:\/\/ribeirocampos.pt\/?page_id=520\">\n\t\t\t\t\t\t\t<img width=\"683\" height=\"1024\" src=\"https:\/\/ribeirocampos.pt\/wp-content\/uploads\/2021\/02\/IMG_1371-683x1024.jpg\" class=\"attachment-large size-large\" alt=\"\" loading=\"lazy\" srcset=\"https:\/\/ribeirocampos.pt\/wp-content\/uploads\/2021\/02\/IMG_1371-683x1024.jpg 683w, https:\/\/ribeirocampos.pt\/wp-content\/uploads\/2021\/02\/IMG_1371-200x300.jpg 200w, https:\/\/ribeirocampos.pt\/wp-content\/uploads\/2021\/02\/IMG_1371-768x1152.jpg 768w, https:\/\/ribeirocampos.pt\/wp-content\/uploads\/2021\/02\/IMG_1371-1024x1536.jpg 1024w, https:\/\/ribeirocampos.pt\/wp-content\/uploads\/2021\/02\/IMG_1371-1365x2048.jpg 1365w, https:\/\/ribeirocampos.pt\/wp-content\/uploads\/2021\/02\/IMG_1371-600x900.jpg 600w, https:\/\/ribeirocampos.pt\/wp-content\/uploads\/2021\/02\/IMG_1371-scaled.jpg 1707w\" sizes=\"(max-width: 683px) 100vw, 683px\" \/>\t\t\t\t\t\t\t\t<\/a>\n\t\t\t\t\t\t\t\t\t\t\t<\/div>\n\t\t\t\t<\/div>\n\t\t\t\t<\/div>\n\t\t\t\t\t\t<\/div>\n\t\t\t\t\t<\/div>\n\t\t<\/div>\n\t\t\t\t<div class=\"elementor-column elementor-col-33 elementor-inner-column elementor-element elementor-element-075f491\" data-id=\"075f491\" data-element_type=\"column\">\n\t\t\t<div class=\"elementor-column-wrap elementor-element-populated\">\n\t\t\t\t\t\t\t<div class=\"elementor-widget-wrap\">\n\t\t\t\t\t\t<div class=\"elementor-element elementor-element-281adbd elementor-widget elementor-widget-heading\" data-id=\"281adbd\" data-element_type=\"widget\" data-widget_type=\"heading.default\">\n\t\t\t\t<div class=\"elementor-widget-container\">\n\t\t\t<h2 class=\"elementor-heading-title elementor-size-default\">Crian\u00e7a<\/h2>\t\t<\/div>\n\t\t\t\t<\/div>\n\t\t\t\t<div class=\"elementor-element elementor-element-1811acb elementor-widget elementor-widget-image\" data-id=\"1811acb\" data-element_type=\"widget\" data-widget_type=\"image.default\">\n\t\t\t\t<div class=\"elementor-widget-container\">\n\t\t\t\t\t<div class=\"elementor-image\">\n\t\t\t\t\t\t\t\t\t\t\t<a href=\"https:\/\/ribeirocampos.pt\/?page_id=543\">\n\t\t\t\t\t\t\t<img width=\"683\" height=\"1024\" src=\"https:\/\/ribeirocampos.pt\/wp-content\/uploads\/2022\/11\/AK0I3314-683x1024.jpg\" class=\"attachment-large size-large\" alt=\"\" loading=\"lazy\" srcset=\"https:\/\/ribeirocampos.pt\/wp-content\/uploads\/2022\/11\/AK0I3314-683x1024.jpg 683w, https:\/\/ribeirocampos.pt\/wp-content\/uploads\/2022\/11\/AK0I3314-200x300.jpg 200w, https:\/\/ribeirocampos.pt\/wp-content\/uploads\/2022\/11\/AK0I3314-768x1152.jpg 768w, https:\/\/ribeirocampos.pt\/wp-content\/uploads\/2022\/11\/AK0I3314-1024x1536.jpg 1024w, https:\/\/ribeirocampos.pt\/wp-content\/uploads\/2022\/11\/AK0I3314-600x900.jpg 600w, https:\/\/ribeirocampos.pt\/wp-content\/uploads\/2022\/11\/AK0I3314-rotated.jpg 1182w\" sizes=\"(max-width: 683px) 100vw, 683px\" \/>\t\t\t\t\t\t\t\t<\/a>\n\t\t\t\t\t\t\t\t\t\t\t<\/div>\n\t\t\t\t<\/div>\n\t\t\t\t<\/div>\n\t\t\t\t\t\t<\/div>\n\t\t\t\t\t<\/div>\n\t\t<\/div>\n\t\t\t\t\t\t\t\t<\/div>\n\t\t\t\t\t<\/div>\n\t\t<\/section>\n\t\t\t\t\t\t<\/div>\n\t\t\t\t\t<\/div>\n\t\t<\/div>\n\t\t\t\t\t\t\t\t<\/div>\n\t\t\t\t\t<\/div>\n\t\t<\/section>\n\t\t\t\t\t\t<\/div>\n\t\t\t\t\t\t<\/div>\n\t\t\t\t\t<\/div>\n\t\t","protected":false},"excerpt":{"rendered":"<p>Produtos Fazer pe\u00e7as \u00fanicas e com a maior qualidade \u00e9 a nossa maior paix\u00e3o.\u00a0 Usamos uma diversidade de materiais e composi\u00e7\u00f5es mediante as especificidades dos nossos clientes e somos flex\u00edveis e\u00a0 inovadores no tipo de pe\u00e7as que fazemos. Dispomos de uma variada gama de artigos que v\u00e3o desde a mais simples T-shirt ao Vestido de&hellip;&nbsp;<a href=\"https:\/\/ribeirocampos.pt\/?page_id=253\" class=\"\" rel=\"bookmark\">Read More &raquo;<span class=\"screen-reader-text\">Produtos<\/span><\/a><\/p>\n","protected":false},"author":1,"featured_media":0,"parent":0,"menu_order":0,"comment_status":"closed","ping_status":"closed","template":"page-templates\/template-pagebuilder-full-width.php","meta":{"neve_meta_sidebar":"full-width","neve_meta_container":"","neve_meta_enable_content_width":"on","neve_meta_content_width":100,"neve_meta_title_alignment":"","neve_meta_author_avatar":"","neve_post_elements_order":"","neve_meta_disable_header":"","neve_meta_disable_footer":"","neve_meta_disable_title":"","_ti_tpc_template_sync":false,"_ti_tpc_template_id":""},"_links":{"self":[{"href":"https:\/\/ribeirocampos.pt\/index.php?rest_route=\/wp\/v2\/pages\/253"}],"collection":[{"href":"https:\/\/ribeirocampos.pt\/index.php?rest_route=\/wp\/v2\/pages"}],"about":[{"href":"https:\/\/ribeirocampos.pt\/index.php?rest_route=\/wp\/v2\/types\/page"}],"author":[{"embeddable":true,"href":"https:\/\/ribeirocampos.pt\/index.php?rest_route=\/wp\/v2\/users\/1"}],"replies":[{"embeddable":true,"href":"https:\/\/ribeirocampos.pt\/index.php?rest_route=%2Fwp%2Fv2%2Fcomments&post=253"}],"version-history":[{"count":57,"href":"https:\/\/ribeirocampos.pt\/index.php?rest_route=\/wp\/v2\/pages\/253\/revisions"}],"predecessor-version":[{"id":1576,"href":"https:\/\/ribeirocampos.pt\/index.php?rest_route=\/wp\/v2\/pages\/253\/revisions\/1576"}],"wp:attachment":[{"href":"https:\/\/ribeirocampos.pt\/index.php?rest_route=%2Fwp%2Fv2%2Fmedia&parent=253"}],"curies":[{"name":"wp","href":"https:\/\/api.w.org\/{rel}","templated":true}]}}